{"id":211,"date":"2024-01-30T13:51:13","date_gmt":"2024-01-30T18:51:13","guid":{"rendered":"https:\/\/coreplastperu.com\/?page_id=211"},"modified":"2024-10-25T09:40:29","modified_gmt":"2024-10-25T14:40:29","slug":"mod3-hq5-1-2","status":"publish","type":"page","link":"https:\/\/coreplastperu.com\/es\/productos\/modelo-3\/mod3-hq5-1-2\/","title":{"rendered":"HQ5 1\/2 CA\u00d1A"},"content":{"rendered":"\t\t<div data-elementor-type=\"wp-page\" data-elementor-id=\"211\" class=\"elementor elementor-211\" data-elementor-post-type=\"page\">\n\t\t\t\t<div class=\"elementor-element elementor-element-6a1d030 e-flex e-con-boxed e-con e-parent\" data-id=\"6a1d030\" data-element_type=\"container\" data-settings=\"{&quot;background_background&quot;:&quot;classic&quot;}\">\n\t\t\t\t\t<div class=\"e-con-inner\">\n\t\t<div class=\"elementor-element elementor-element-fe6aa4d e-con-full e-flex e-con e-child\" data-id=\"fe6aa4d\" data-element_type=\"container\">\n\t\t\t\t<div class=\"elementor-element elementor-element-2cd0f57 elementor-widget elementor-widget-heading\" data-id=\"2cd0f57\" data-element_type=\"widget\" data-widget_type=\"heading.default\">\n\t\t\t\t<div class=\"elementor-widget-container\">\n\t\t\t\t\t<span class=\"elementor-heading-title elementor-size-default\"><a href=\"https:\/\/coreplastperu.com\/es\/productos\/modelo-3\/\">Modelo 3<\/a><\/span>\t\t\t\t<\/div>\n\t\t\t\t<\/div>\n\t\t\t\t<div class=\"elementor-element elementor-element-62b75b6 elementor-nav-menu--stretch elementor-hidden-desktop elementor-nav-menu__text-align-aside elementor-nav-menu--toggle elementor-nav-menu--burger elementor-widget elementor-widget-nav-menu\" data-id=\"62b75b6\" data-element_type=\"widget\" data-settings=\"{&quot;layout&quot;:&quot;dropdown&quot;,&quot;full_width&quot;:&quot;stretch&quot;,&quot;submenu_icon&quot;:{&quot;value&quot;:&quot;&lt;i class=\\&quot;fas fa-caret-down\\&quot;&gt;&lt;\\\/i&gt;&quot;,&quot;library&quot;:&quot;fa-solid&quot;},&quot;toggle&quot;:&quot;burger&quot;}\" data-widget_type=\"nav-menu.default\">\n\t\t\t\t<div class=\"elementor-widget-container\">\n\t\t\t\t\t\t\t<div class=\"elementor-menu-toggle\" role=\"button\" tabindex=\"0\" aria-label=\"Alternar men\u00fa\" aria-expanded=\"false\">\n\t\t\t<i aria-hidden=\"true\" role=\"presentation\" class=\"elementor-menu-toggle__icon--open fas fa-plus-square\"><\/i><i aria-hidden=\"true\" role=\"presentation\" class=\"elementor-menu-toggle__icon--close eicon-close\"><\/i>\t\t<\/div>\n\t\t\t\t\t<nav class=\"elementor-nav-menu--dropdown elementor-nav-menu__container\" aria-hidden=\"true\">\n\t\t\t\t<ul id=\"menu-2-62b75b6\" class=\"elementor-nav-menu\"><li class=\"menu-item menu-item-type-post_type menu-item-object-page menu-item-621\"><a href=\"https:\/\/coreplastperu.com\/es\/productos\/modelo-1\/\" class=\"elementor-item\" tabindex=\"-1\">Modelo 1<\/a><\/li>\n<li class=\"menu-item menu-item-type-post_type menu-item-object-page menu-item-620\"><a href=\"https:\/\/coreplastperu.com\/es\/productos\/modelo-2\/\" class=\"elementor-item\" tabindex=\"-1\">Modelo 2<\/a><\/li>\n<li class=\"menu-item menu-item-type-post_type menu-item-object-page menu-item-619\"><a href=\"https:\/\/coreplastperu.com\/es\/productos\/modelo-3\/\" class=\"elementor-item\" tabindex=\"-1\">Modelo 3<\/a><\/li>\n<\/ul>\t\t\t<\/nav>\n\t\t\t\t\t\t<\/div>\n\t\t\t\t<\/div>\n\t\t\t\t<\/div>\n\t\t<div class=\"elementor-element elementor-element-bddd57e e-con-full e-flex e-con e-child\" data-id=\"bddd57e\" data-element_type=\"container\">\n\t\t\t\t<div class=\"elementor-element elementor-element-2b6873e elementor-nav-menu__align-justify elementor-nav-menu--dropdown-none elementor-widget elementor-widget-nav-menu\" data-id=\"2b6873e\" data-element_type=\"widget\" data-settings=\"{&quot;layout&quot;:&quot;horizontal&quot;,&quot;submenu_icon&quot;:{&quot;value&quot;:&quot;&lt;i class=\\&quot;fas fa-caret-down\\&quot;&gt;&lt;\\\/i&gt;&quot;,&quot;library&quot;:&quot;fa-solid&quot;}}\" data-widget_type=\"nav-menu.default\">\n\t\t\t\t<div class=\"elementor-widget-container\">\n\t\t\t\t\t\t\t\t<nav aria-label=\"Men\u00fa\" class=\"elementor-nav-menu--main elementor-nav-menu__container elementor-nav-menu--layout-horizontal e--pointer-background e--animation-fade\">\n\t\t\t\t<ul id=\"menu-1-2b6873e\" class=\"elementor-nav-menu\"><li class=\"menu-item menu-item-type-post_type menu-item-object-page menu-item-445\"><a href=\"https:\/\/coreplastperu.com\/es\/productos\/modelo-3\/mod3-hq5\/\" class=\"elementor-item\">HQ5<\/a><\/li>\n<li class=\"menu-item menu-item-type-post_type menu-item-object-page menu-item-447\"><a href=\"https:\/\/coreplastperu.com\/es\/productos\/modelo-3\/mod3-nq5\/\" class=\"elementor-item\">NQ5<\/a><\/li>\n<\/ul>\t\t\t<\/nav>\n\t\t\t\t\t\t<nav class=\"elementor-nav-menu--dropdown elementor-nav-menu__container\" aria-hidden=\"true\">\n\t\t\t\t<ul id=\"menu-2-2b6873e\" class=\"elementor-nav-menu\"><li class=\"menu-item menu-item-type-post_type menu-item-object-page menu-item-445\"><a href=\"https:\/\/coreplastperu.com\/es\/productos\/modelo-3\/mod3-hq5\/\" class=\"elementor-item\" tabindex=\"-1\">HQ5<\/a><\/li>\n<li class=\"menu-item menu-item-type-post_type menu-item-object-page menu-item-447\"><a href=\"https:\/\/coreplastperu.com\/es\/productos\/modelo-3\/mod3-nq5\/\" class=\"elementor-item\" tabindex=\"-1\">NQ5<\/a><\/li>\n<\/ul>\t\t\t<\/nav>\n\t\t\t\t\t\t<\/div>\n\t\t\t\t<\/div>\n\t\t\t\t<\/div>\n\t\t\t\t\t<\/div>\n\t\t\t\t<\/div>\n\t\t<div class=\"elementor-element elementor-element-4d962e8 e-flex e-con-boxed e-con e-parent\" data-id=\"4d962e8\" data-element_type=\"container\">\n\t\t\t\t\t<div class=\"e-con-inner\">\n\t\t<div class=\"elementor-element elementor-element-4d3c3d6 e-con-full e-flex e-con e-child\" data-id=\"4d3c3d6\" data-element_type=\"container\">\n\t\t\t\t<div class=\"elementor-element elementor-element-4a846e9 elementor-invisible elementor-widget elementor-widget-jet-woo-product-gallery-slider\" data-id=\"4a846e9\" data-element_type=\"widget\" data-settings=\"{&quot;pagination_thumbnails_columns_tablet&quot;:&quot;4&quot;,&quot;pagination_thumbnails_columns_mobile&quot;:&quot;4&quot;,&quot;pagination_thumbnails_space_between_tablet&quot;:10,&quot;pagination_thumbnails_space_between_mobile&quot;:10,&quot;_animation&quot;:&quot;fadeInLeft&quot;,&quot;pagination_thumbnails_columns&quot;:4,&quot;pagination_thumbnails_space_between&quot;:10}\" data-widget_type=\"jet-woo-product-gallery-slider.default\">\n\t\t\t\t<div class=\"elementor-widget-container\">\n\t\t\t\t\t<div class=\"jet-woo-product-gallery\" data-gallery-settings=\"{&quot;enableGallery&quot;:false,&quot;enableZoom&quot;:true,&quot;zoomMagnify&quot;:1,&quot;caption&quot;:true,&quot;zoom&quot;:true,&quot;fullscreen&quot;:true,&quot;share&quot;:true,&quot;counter&quot;:true,&quot;arrows&quot;:true,&quot;hasVideo&quot;:false,&quot;videoType&quot;:&quot;&quot;,&quot;videoIn&quot;:&quot;content&quot;,&quot;videoAutoplay&quot;:false,&quot;videoLoop&quot;:false,&quot;videoFirst&quot;:false}\"><div class=\"jet-woo-product-gallery__content \" data-featured-image=\"\">\r\n\t<div class=\"jet-woo-swiper jet-woo-swiper-horizontal jet-gallery-swiper-horizontal-pos-bottom\">\r\n\t\t<div class=\"jet-gallery-swiper-slider\">\r\n\t\t\t<div class=\"jet-woo-product-gallery-slider swiper-container\" data-swiper-settings=\"{&quot;autoHeight&quot;:true,&quot;centeredSlides&quot;:false,&quot;direction&quot;:&quot;horizontal&quot;,&quot;effect&quot;:&quot;fade&quot;,&quot;longSwipesRatio&quot;:1,&quot;showNavigation&quot;:false,&quot;showPagination&quot;:true,&quot;loop&quot;:false,&quot;paginationControllerType&quot;:&quot;bullets&quot;,&quot;paginationType&quot;:&quot;thumbnails&quot;,&quot;dynamicBullets&quot;:false}\" data-swiper-thumb-settings=\"{&quot;direction&quot;:&quot;horizontal&quot;,&quot;showNavigation&quot;:true,&quot;breakpoints&quot;:{&quot;0&quot;:{&quot;slidesPerView&quot;:&quot;4&quot;,&quot;spaceBetween&quot;:10},&quot;768&quot;:{&quot;slidesPerView&quot;:&quot;4&quot;,&quot;spaceBetween&quot;:10},&quot;1025&quot;:{&quot;slidesPerView&quot;:4,&quot;spaceBetween&quot;:10}}}\" dir=\"ltr\" >\r\n\t\t\t\t<div class=\"swiper-wrapper\">\r\n\t\t\t\t\t\r\n<div class=\"jet-woo-product-gallery__image-item swiper-slide\">\r\n\t<div class=\"jet-woo-product-gallery__image jet-woo-product-gallery__image--with-zoom\">\r\n\t\t<a class=\"jet-woo-product-gallery__image-link\" href=\"https:\/\/coreplastperu.com\/wp-content\/uploads\/2024\/02\/modelo-3-hq5-galeria-4.jpg\" itemprop=\"image\" title=\"modelo 3 hq5 galeria 4\" rel=\"prettyPhoto[jet-gallery]\" data-e-disable-page-transition=\"\"><img fetchpriority=\"high\" decoding=\"async\" width=\"1000\" height=\"1000\" src=\"https:\/\/coreplastperu.com\/wp-content\/uploads\/2024\/02\/modelo-3-hq5-galeria-4.jpg\" class=\"wp-post-gallery\" alt=\"modelo 3 hq5 galeria 4\" title=\"modelo 3 hq5 galeria 4\" data-caption=\"modelo 3 hq5 galeria 4\" data-src=\"https:\/\/coreplastperu.com\/wp-content\/uploads\/2024\/02\/modelo-3-hq5-galeria-4.jpg\" data-large_image=\"https:\/\/coreplastperu.com\/wp-content\/uploads\/2024\/02\/modelo-3-hq5-galeria-4.jpg\" data-large_image_width=\"1000\" data-large_image_height=\"1000\" srcset=\"https:\/\/coreplastperu.com\/wp-content\/uploads\/2024\/02\/modelo-3-hq5-galeria-4.jpg 1000w, https:\/\/coreplastperu.com\/wp-content\/uploads\/2024\/02\/modelo-3-hq5-galeria-4-300x300.jpg 300w, https:\/\/coreplastperu.com\/wp-content\/uploads\/2024\/02\/modelo-3-hq5-galeria-4-150x150.jpg 150w, https:\/\/coreplastperu.com\/wp-content\/uploads\/2024\/02\/modelo-3-hq5-galeria-4-768x768.jpg 768w, https:\/\/coreplastperu.com\/wp-content\/uploads\/2024\/02\/modelo-3-hq5-galeria-4-12x12.jpg 12w\" sizes=\"(max-width: 1000px) 100vw, 1000px\" \/><\/a>\t<\/div>\r\n<\/div>\r\n<div class=\"jet-woo-product-gallery__image-item swiper-slide\">\r\n\t<div class=\"jet-woo-product-gallery__image jet-woo-product-gallery__image--with-zoom\">\r\n\t\t<a class=\"jet-woo-product-gallery__image-link\" href=\"https:\/\/coreplastperu.com\/wp-content\/uploads\/2024\/02\/modelo-3-hq5-galeria-1.jpg\" itemprop=\"image\" title=\"modelo 3 hq5 galeria 1\" rel=\"prettyPhoto[jet-gallery]\" data-e-disable-page-transition=\"\"><img decoding=\"async\" width=\"1000\" height=\"1000\" src=\"https:\/\/coreplastperu.com\/wp-content\/uploads\/2024\/02\/modelo-3-hq5-galeria-1.jpg\" class=\"wp-post-gallery\" alt=\"modelo 3 hq5 galeria 1\" title=\"modelo 3 hq5 galeria 1\" data-caption=\"modelo 3 hq5 galeria 1\" data-src=\"https:\/\/coreplastperu.com\/wp-content\/uploads\/2024\/02\/modelo-3-hq5-galeria-1.jpg\" data-large_image=\"https:\/\/coreplastperu.com\/wp-content\/uploads\/2024\/02\/modelo-3-hq5-galeria-1.jpg\" data-large_image_width=\"1000\" data-large_image_height=\"1000\" srcset=\"https:\/\/coreplastperu.com\/wp-content\/uploads\/2024\/02\/modelo-3-hq5-galeria-1.jpg 1000w, https:\/\/coreplastperu.com\/wp-content\/uploads\/2024\/02\/modelo-3-hq5-galeria-1-300x300.jpg 300w, https:\/\/coreplastperu.com\/wp-content\/uploads\/2024\/02\/modelo-3-hq5-galeria-1-150x150.jpg 150w, https:\/\/coreplastperu.com\/wp-content\/uploads\/2024\/02\/modelo-3-hq5-galeria-1-768x768.jpg 768w, https:\/\/coreplastperu.com\/wp-content\/uploads\/2024\/02\/modelo-3-hq5-galeria-1-12x12.jpg 12w\" sizes=\"(max-width: 1000px) 100vw, 1000px\" \/><\/a>\t<\/div>\r\n<\/div>\r\n<div class=\"jet-woo-product-gallery__image-item swiper-slide\">\r\n\t<div class=\"jet-woo-product-gallery__image jet-woo-product-gallery__image--with-zoom\">\r\n\t\t<a class=\"jet-woo-product-gallery__image-link\" href=\"https:\/\/coreplastperu.com\/wp-content\/uploads\/2024\/02\/modelo-3-hq5-galeria-3.jpg\" itemprop=\"image\" title=\"modelo 3 hq5 galeria 3\" rel=\"prettyPhoto[jet-gallery]\" data-e-disable-page-transition=\"\"><img decoding=\"async\" width=\"1000\" height=\"1000\" src=\"https:\/\/coreplastperu.com\/wp-content\/uploads\/2024\/02\/modelo-3-hq5-galeria-3.jpg\" class=\"wp-post-gallery\" alt=\"modelo 3 hq5 galeria 3\" title=\"modelo 3 hq5 galeria 3\" data-caption=\"modelo 3 hq5 galeria 3\" data-src=\"https:\/\/coreplastperu.com\/wp-content\/uploads\/2024\/02\/modelo-3-hq5-galeria-3.jpg\" data-large_image=\"https:\/\/coreplastperu.com\/wp-content\/uploads\/2024\/02\/modelo-3-hq5-galeria-3.jpg\" data-large_image_width=\"1000\" data-large_image_height=\"1000\" srcset=\"https:\/\/coreplastperu.com\/wp-content\/uploads\/2024\/02\/modelo-3-hq5-galeria-3.jpg 1000w, https:\/\/coreplastperu.com\/wp-content\/uploads\/2024\/02\/modelo-3-hq5-galeria-3-300x300.jpg 300w, https:\/\/coreplastperu.com\/wp-content\/uploads\/2024\/02\/modelo-3-hq5-galeria-3-150x150.jpg 150w, https:\/\/coreplastperu.com\/wp-content\/uploads\/2024\/02\/modelo-3-hq5-galeria-3-768x768.jpg 768w, https:\/\/coreplastperu.com\/wp-content\/uploads\/2024\/02\/modelo-3-hq5-galeria-3-12x12.jpg 12w\" sizes=\"(max-width: 1000px) 100vw, 1000px\" \/><\/a>\t<\/div>\r\n<\/div>\r\n<div class=\"jet-woo-product-gallery__image-item swiper-slide\">\r\n\t<div class=\"jet-woo-product-gallery__image jet-woo-product-gallery__image--with-zoom\">\r\n\t\t<a class=\"jet-woo-product-gallery__image-link\" href=\"https:\/\/coreplastperu.com\/wp-content\/uploads\/2024\/02\/modelo-3-hq5-galeria-2.jpg\" itemprop=\"image\" title=\"modelo 3 hq5 galeria 2\" rel=\"prettyPhoto[jet-gallery]\" data-e-disable-page-transition=\"\"><img loading=\"lazy\" decoding=\"async\" width=\"1000\" height=\"1000\" src=\"https:\/\/coreplastperu.com\/wp-content\/uploads\/2024\/02\/modelo-3-hq5-galeria-2.jpg\" class=\"wp-post-gallery\" alt=\"modelo 3 hq5 galeria 2\" title=\"modelo 3 hq5 galeria 2\" data-caption=\"modelo 3 hq5 galeria 2\" data-src=\"https:\/\/coreplastperu.com\/wp-content\/uploads\/2024\/02\/modelo-3-hq5-galeria-2.jpg\" data-large_image=\"https:\/\/coreplastperu.com\/wp-content\/uploads\/2024\/02\/modelo-3-hq5-galeria-2.jpg\" data-large_image_width=\"1000\" data-large_image_height=\"1000\" srcset=\"https:\/\/coreplastperu.com\/wp-content\/uploads\/2024\/02\/modelo-3-hq5-galeria-2.jpg 1000w, https:\/\/coreplastperu.com\/wp-content\/uploads\/2024\/02\/modelo-3-hq5-galeria-2-300x300.jpg 300w, https:\/\/coreplastperu.com\/wp-content\/uploads\/2024\/02\/modelo-3-hq5-galeria-2-150x150.jpg 150w, https:\/\/coreplastperu.com\/wp-content\/uploads\/2024\/02\/modelo-3-hq5-galeria-2-768x768.jpg 768w, https:\/\/coreplastperu.com\/wp-content\/uploads\/2024\/02\/modelo-3-hq5-galeria-2-12x12.jpg 12w\" sizes=\"(max-width: 1000px) 100vw, 1000px\" \/><\/a>\t<\/div>\r\n<\/div>\t\t\t\t<\/div>\r\n\r\n\t\t\t\t\r\n\t\t\t\t\t\t\t<\/div>\r\n\t\t<\/div>\r\n\r\n\t\t\r\n<div class=\"jet-gallery-swiper-thumb\">\r\n\t<div class=\"jet-woo-swiper-control-nav jet-woo-swiper-gallery-thumbs swiper-container\">\r\n\t\t<div class=\"swiper-wrapper\">\r\n\t\t\t<div data-thumb=\"https:\/\/coreplastperu.com\/wp-content\/uploads\/2024\/02\/modelo-3-hq5-galeria-4.jpg\" class=\"jet-woo-swiper-control-thumbs__item swiper-slide\"><div class=\"jet-woo-swiper-control-thumbs__item-image\"><img loading=\"lazy\" decoding=\"async\" width=\"150\" height=\"150\" src=\"https:\/\/coreplastperu.com\/wp-content\/uploads\/2024\/02\/modelo-3-hq5-galeria-4-150x150.jpg\" class=\"wp-post-gallery\" alt=\"modelo 3 hq5 galeria 4\" title=\"modelo 3 hq5 galeria 4\" data-caption=\"modelo 3 hq5 galeria 4\" data-src=\"https:\/\/coreplastperu.com\/wp-content\/uploads\/2024\/02\/modelo-3-hq5-galeria-4.jpg\" data-large_image=\"https:\/\/coreplastperu.com\/wp-content\/uploads\/2024\/02\/modelo-3-hq5-galeria-4.jpg\" data-large_image_width=\"1000\" data-large_image_height=\"1000\" srcset=\"https:\/\/coreplastperu.com\/wp-content\/uploads\/2024\/02\/modelo-3-hq5-galeria-4-150x150.jpg 150w, https:\/\/coreplastperu.com\/wp-content\/uploads\/2024\/02\/modelo-3-hq5-galeria-4-300x300.jpg 300w, https:\/\/coreplastperu.com\/wp-content\/uploads\/2024\/02\/modelo-3-hq5-galeria-4-768x768.jpg 768w, https:\/\/coreplastperu.com\/wp-content\/uploads\/2024\/02\/modelo-3-hq5-galeria-4-12x12.jpg 12w, https:\/\/coreplastperu.com\/wp-content\/uploads\/2024\/02\/modelo-3-hq5-galeria-4.jpg 1000w\" sizes=\"(max-width: 150px) 100vw, 150px\" \/><\/div><\/div><div data-thumb=\"https:\/\/coreplastperu.com\/wp-content\/uploads\/2024\/02\/modelo-3-hq5-galeria-1.jpg\" class=\"jet-woo-swiper-control-thumbs__item swiper-slide\"><div class=\"jet-woo-swiper-control-thumbs__item-image\"><img loading=\"lazy\" decoding=\"async\" width=\"150\" height=\"150\" src=\"https:\/\/coreplastperu.com\/wp-content\/uploads\/2024\/02\/modelo-3-hq5-galeria-1-150x150.jpg\" class=\"wp-post-gallery\" alt=\"modelo 3 hq5 galeria 1\" title=\"modelo 3 hq5 galeria 1\" data-caption=\"modelo 3 hq5 galeria 1\" data-src=\"https:\/\/coreplastperu.com\/wp-content\/uploads\/2024\/02\/modelo-3-hq5-galeria-1.jpg\" data-large_image=\"https:\/\/coreplastperu.com\/wp-content\/uploads\/2024\/02\/modelo-3-hq5-galeria-1.jpg\" data-large_image_width=\"1000\" data-large_image_height=\"1000\" srcset=\"https:\/\/coreplastperu.com\/wp-content\/uploads\/2024\/02\/modelo-3-hq5-galeria-1-150x150.jpg 150w, https:\/\/coreplastperu.com\/wp-content\/uploads\/2024\/02\/modelo-3-hq5-galeria-1-300x300.jpg 300w, https:\/\/coreplastperu.com\/wp-content\/uploads\/2024\/02\/modelo-3-hq5-galeria-1-768x768.jpg 768w, https:\/\/coreplastperu.com\/wp-content\/uploads\/2024\/02\/modelo-3-hq5-galeria-1-12x12.jpg 12w, https:\/\/coreplastperu.com\/wp-content\/uploads\/2024\/02\/modelo-3-hq5-galeria-1.jpg 1000w\" sizes=\"(max-width: 150px) 100vw, 150px\" \/><\/div><\/div><div data-thumb=\"https:\/\/coreplastperu.com\/wp-content\/uploads\/2024\/02\/modelo-3-hq5-galeria-3.jpg\" class=\"jet-woo-swiper-control-thumbs__item swiper-slide\"><div class=\"jet-woo-swiper-control-thumbs__item-image\"><img loading=\"lazy\" decoding=\"async\" width=\"150\" height=\"150\" src=\"https:\/\/coreplastperu.com\/wp-content\/uploads\/2024\/02\/modelo-3-hq5-galeria-3-150x150.jpg\" class=\"wp-post-gallery\" alt=\"modelo 3 hq5 galeria 3\" title=\"modelo 3 hq5 galeria 3\" data-caption=\"modelo 3 hq5 galeria 3\" data-src=\"https:\/\/coreplastperu.com\/wp-content\/uploads\/2024\/02\/modelo-3-hq5-galeria-3.jpg\" data-large_image=\"https:\/\/coreplastperu.com\/wp-content\/uploads\/2024\/02\/modelo-3-hq5-galeria-3.jpg\" data-large_image_width=\"1000\" data-large_image_height=\"1000\" srcset=\"https:\/\/coreplastperu.com\/wp-content\/uploads\/2024\/02\/modelo-3-hq5-galeria-3-150x150.jpg 150w, https:\/\/coreplastperu.com\/wp-content\/uploads\/2024\/02\/modelo-3-hq5-galeria-3-300x300.jpg 300w, https:\/\/coreplastperu.com\/wp-content\/uploads\/2024\/02\/modelo-3-hq5-galeria-3-768x768.jpg 768w, https:\/\/coreplastperu.com\/wp-content\/uploads\/2024\/02\/modelo-3-hq5-galeria-3-12x12.jpg 12w, https:\/\/coreplastperu.com\/wp-content\/uploads\/2024\/02\/modelo-3-hq5-galeria-3.jpg 1000w\" sizes=\"(max-width: 150px) 100vw, 150px\" \/><\/div><\/div><div data-thumb=\"https:\/\/coreplastperu.com\/wp-content\/uploads\/2024\/02\/modelo-3-hq5-galeria-2.jpg\" class=\"jet-woo-swiper-control-thumbs__item swiper-slide\"><div class=\"jet-woo-swiper-control-thumbs__item-image\"><img loading=\"lazy\" decoding=\"async\" width=\"150\" height=\"150\" src=\"https:\/\/coreplastperu.com\/wp-content\/uploads\/2024\/02\/modelo-3-hq5-galeria-2-150x150.jpg\" class=\"wp-post-gallery\" alt=\"modelo 3 hq5 galeria 2\" title=\"modelo 3 hq5 galeria 2\" data-caption=\"modelo 3 hq5 galeria 2\" data-src=\"https:\/\/coreplastperu.com\/wp-content\/uploads\/2024\/02\/modelo-3-hq5-galeria-2.jpg\" data-large_image=\"https:\/\/coreplastperu.com\/wp-content\/uploads\/2024\/02\/modelo-3-hq5-galeria-2.jpg\" data-large_image_width=\"1000\" data-large_image_height=\"1000\" srcset=\"https:\/\/coreplastperu.com\/wp-content\/uploads\/2024\/02\/modelo-3-hq5-galeria-2-150x150.jpg 150w, https:\/\/coreplastperu.com\/wp-content\/uploads\/2024\/02\/modelo-3-hq5-galeria-2-300x300.jpg 300w, https:\/\/coreplastperu.com\/wp-content\/uploads\/2024\/02\/modelo-3-hq5-galeria-2-768x768.jpg 768w, https:\/\/coreplastperu.com\/wp-content\/uploads\/2024\/02\/modelo-3-hq5-galeria-2-12x12.jpg 12w, https:\/\/coreplastperu.com\/wp-content\/uploads\/2024\/02\/modelo-3-hq5-galeria-2.jpg 1000w\" sizes=\"(max-width: 150px) 100vw, 150px\" \/><\/div><\/div>\t\t<\/div>\r\n\t\t<span class=\"jet-product-gallery-icon jet-swiper-nav jet-swiper-button-prev jet-thumb-swiper-nav\"><i aria-hidden=\"true\" class=\"fas fa-angle-left\"><\/i><\/span><span class=\"jet-product-gallery-icon jet-swiper-nav jet-swiper-button-next jet-thumb-swiper-nav\"><i aria-hidden=\"true\" class=\"fas fa-angle-right\"><\/i><\/span>\t<\/div>\r\n<\/div>\r\n\r\n\t<\/div>\r\n\r\n\t\r\n<\/div>\r\n<\/div>\t\t\t\t<\/div>\n\t\t\t\t<\/div>\n\t\t\t\t<\/div>\n\t\t<div class=\"elementor-element elementor-element-c164e78 e-con-full e-flex e-con e-child\" data-id=\"c164e78\" data-element_type=\"container\">\n\t\t\t\t<div class=\"elementor-element elementor-element-e50becd elementor-invisible elementor-widget elementor-widget-heading\" data-id=\"e50becd\" data-element_type=\"widget\" data-settings=\"{&quot;_animation&quot;:&quot;fadeInUp&quot;}\" data-widget_type=\"heading.default\">\n\t\t\t\t<div class=\"elementor-widget-container\">\n\t\t\t\t\t<span class=\"elementor-heading-title elementor-size-default\">PRODUCTOS<\/span>\t\t\t\t<\/div>\n\t\t\t\t<\/div>\n\t\t\t\t<div class=\"elementor-element elementor-element-4a2ea8b elementor-invisible elementor-widget elementor-widget-heading\" data-id=\"4a2ea8b\" data-element_type=\"widget\" data-settings=\"{&quot;_animation&quot;:&quot;fadeInUp&quot;,&quot;_animation_delay&quot;:100}\" data-widget_type=\"heading.default\">\n\t\t\t\t<div class=\"elementor-widget-container\">\n\t\t\t\t\t<h1 class=\"elementor-heading-title elementor-size-default\">Modelo 3 - HQ5 1\/2 Ca\u00f1a<\/h1>\t\t\t\t<\/div>\n\t\t\t\t<\/div>\n\t\t\t\t<div class=\"elementor-element elementor-element-1dd0e96 elementor-widget-divider--view-line elementor-invisible elementor-widget elementor-widget-divider\" data-id=\"1dd0e96\" data-element_type=\"widget\" data-settings=\"{&quot;_animation&quot;:&quot;fadeInUp&quot;,&quot;_animation_delay&quot;:200}\" data-widget_type=\"divider.default\">\n\t\t\t\t<div class=\"elementor-widget-container\">\n\t\t\t\t\t\t\t<div class=\"elementor-divider\">\n\t\t\t<span class=\"elementor-divider-separator\">\n\t\t\t\t\t\t<\/span>\n\t\t<\/div>\n\t\t\t\t\t\t<\/div>\n\t\t\t\t<\/div>\n\t\t\t\t<div class=\"elementor-element elementor-element-c03d1c2 elementor-invisible elementor-widget elementor-widget-text-editor\" data-id=\"c03d1c2\" data-element_type=\"widget\" data-settings=\"{&quot;_animation&quot;:&quot;fadeInUp&quot;,&quot;_animation_delay&quot;:400}\" data-widget_type=\"text-editor.default\">\n\t\t\t\t<div class=\"elementor-widget-container\">\n\t\t\t\t\t\t\t\t\t<ul><li>Capacidades de apilamiento y anidamiento<\/li><li>Proceso: Inyecci\u00f3n.<\/li><li>Material: polipropileno no t\u00f3xico.<\/li><li>Colores: Azul, verde y gris.<\/li><li>Peso: 950 \u00b1 50 gramos<\/li><li>Dimensiones: (655 x 417 x 41,50) \u00b1 1 mm<\/li><li>Canales: 5<\/li><li>Di\u00e1metro del n\u00facleo: 67.00 \u00b1 1.00 mm<\/li><li>Capacidad: 3 metros lineales<\/li><\/ul>\t\t\t\t\t\t\t\t<\/div>\n\t\t\t\t<\/div>\n\t\t\t\t<div class=\"elementor-element elementor-element-c4f2b2a elementor-align-left elementor-invisible elementor-widget elementor-widget-button\" data-id=\"c4f2b2a\" data-element_type=\"widget\" data-settings=\"{&quot;_animation&quot;:&quot;fadeInUp&quot;,&quot;_animation_delay&quot;:500}\" data-widget_type=\"button.default\">\n\t\t\t\t<div class=\"elementor-widget-container\">\n\t\t\t\t\t\t\t\t\t<div class=\"elementor-button-wrapper\">\n\t\t\t\t\t<a class=\"elementor-button elementor-button-link elementor-size-md elementor-animation-wobble-horizontal\" href=\"#elementor-action%3Aaction%3Dpopup%3Aopen%26settings%3DeyJpZCI6Ijg5MSIsInRvZ2dsZSI6ZmFsc2V9\">\n\t\t\t\t\t\t<span class=\"elementor-button-content-wrapper\">\n\t\t\t\t\t\t\t\t\t<span class=\"elementor-button-text\">\u00a1COTIZA AHORA!<\/span>\n\t\t\t\t\t<\/span>\n\t\t\t\t\t<\/a>\n\t\t\t\t<\/div>\n\t\t\t\t\t\t\t\t<\/div>\n\t\t\t\t<\/div>\n\t\t\t\t<\/div>\n\t\t\t\t\t<\/div>\n\t\t\t\t<\/div>\n\t\t\t\t<\/div>\n\t\t","protected":false},"excerpt":{"rendered":"<p>Modelo 3 PRODUCTOS Modelo 3 &#8211; HQ5 1\/2 Ca\u00f1a Capacidades de apilamiento y anidamiento Proceso: Inyecci\u00f3n. Material: polipropileno no t\u00f3xico. Colores: Azul, verde y gris. Peso: 950 \u00b1 50 gramos Dimensiones: (655 x 417 x 41,50) \u00b1 1 mm Canales: 5 Di\u00e1metro del n\u00facleo: 67.00 \u00b1 1.00 mm Capacidad: 3 metros lineales \u00a1COTIZA AHORA!<\/p>\n","protected":false},"author":1,"featured_media":0,"parent":148,"menu_order":0,"comment_status":"closed","ping_status":"closed","template":"","meta":{"footnotes":""},"class_list":["post-211","page","type-page","status-publish","hentry"],"_links":{"self":[{"href":"https:\/\/coreplastperu.com\/es\/wp-json\/wp\/v2\/pages\/211","targetHints":{"allow":["GET"]}}],"collection":[{"href":"https:\/\/coreplastperu.com\/es\/wp-json\/wp\/v2\/pages"}],"about":[{"href":"https:\/\/coreplastperu.com\/es\/wp-json\/wp\/v2\/types\/page"}],"author":[{"embeddable":true,"href":"https:\/\/coreplastperu.com\/es\/wp-json\/wp\/v2\/users\/1"}],"replies":[{"embeddable":true,"href":"https:\/\/coreplastperu.com\/es\/wp-json\/wp\/v2\/comments?post=211"}],"version-history":[{"count":0,"href":"https:\/\/coreplastperu.com\/es\/wp-json\/wp\/v2\/pages\/211\/revisions"}],"up":[{"embeddable":true,"href":"https:\/\/coreplastperu.com\/es\/wp-json\/wp\/v2\/pages\/148"}],"wp:attachment":[{"href":"https:\/\/coreplastperu.com\/es\/wp-json\/wp\/v2\/media?parent=211"}],"curies":[{"name":"wp","href":"https:\/\/api.w.org\/{rel}","templated":true}]}}