{"id":607,"date":"2024-02-19T11:57:55","date_gmt":"2024-02-19T16:57:55","guid":{"rendered":"https:\/\/coreplastperu.com\/?page_id=607"},"modified":"2024-10-25T09:32:45","modified_gmt":"2024-10-25T14:32:45","slug":"modelo-4","status":"publish","type":"page","link":"https:\/\/coreplastperu.com\/en\/products\/modelo-4\/","title":{"rendered":"Model 4"},"content":{"rendered":"<div data-elementor-type=\"wp-page\" data-elementor-id=\"607\" class=\"elementor elementor-607\" data-elementor-post-type=\"page\">\n\t\t\t\t<div class=\"elementor-element elementor-element-29b7ac1 e-flex e-con-boxed e-con e-parent\" data-id=\"29b7ac1\" data-element_type=\"container\" data-settings=\"{&quot;background_background&quot;:&quot;classic&quot;}\">\n\t\t\t\t\t<div class=\"e-con-inner\">\n\t\t<div class=\"elementor-element elementor-element-5d6927a e-con-full e-flex e-con e-child\" data-id=\"5d6927a\" data-element_type=\"container\">\n\t\t\t\t<div class=\"elementor-element elementor-element-c6e2596 elementor-widget elementor-widget-heading\" data-id=\"c6e2596\" data-element_type=\"widget\" data-widget_type=\"heading.default\">\n\t\t\t\t<div class=\"elementor-widget-container\">\n\t\t\t\t\t<span class=\"elementor-heading-title elementor-size-default\"><a href=\"https:\/\/coreplastperu.com\/en\/products\/\">PRODUCTS<\/a><\/span>\t\t\t\t<\/div>\n\t\t\t\t<\/div>\n\t\t\t\t<\/div>\n\t\t<div class=\"elementor-element elementor-element-1080811 e-con-full e-flex e-con e-child\" data-id=\"1080811\" data-element_type=\"container\">\n\t\t\t\t<div class=\"elementor-element elementor-element-c2ede82 elementor-nav-menu__align-justify elementor-nav-menu--dropdown-none elementor-widget elementor-widget-nav-menu\" data-id=\"c2ede82\" data-element_type=\"widget\" data-settings=\"{&quot;layout&quot;:&quot;horizontal&quot;,&quot;submenu_icon&quot;:{&quot;value&quot;:&quot;&lt;i class=\\&quot;fas fa-caret-down\\&quot;&gt;&lt;\\\/i&gt;&quot;,&quot;library&quot;:&quot;fa-solid&quot;}}\" data-widget_type=\"nav-menu.default\">\n\t\t\t\t<div class=\"elementor-widget-container\">\n\t\t\t\t\t\t\t\t<nav aria-label=\"Menu\" class=\"elementor-nav-menu--main elementor-nav-menu__container elementor-nav-menu--layout-horizontal e--pointer-background e--animation-fade\">\n\t\t\t\t<ul id=\"menu-1-c2ede82\" class=\"elementor-nav-menu\"><li class=\"menu-item menu-item-type-post_type menu-item-object-page menu-item-621\"><a href=\"https:\/\/coreplastperu.com\/en\/products\/model-1\/\" class=\"elementor-item\">Model 1<\/a><\/li>\n<li class=\"menu-item menu-item-type-post_type menu-item-object-page menu-item-620\"><a href=\"https:\/\/coreplastperu.com\/en\/products\/model-2\/\" class=\"elementor-item\">Model 2<\/a><\/li>\n<li class=\"menu-item menu-item-type-post_type menu-item-object-page menu-item-619\"><a href=\"https:\/\/coreplastperu.com\/en\/products\/model-3\/\" class=\"elementor-item\">Model 3<\/a><\/li>\n<\/ul>\t\t\t<\/nav>\n\t\t\t\t\t\t<nav class=\"elementor-nav-menu--dropdown elementor-nav-menu__container\" aria-hidden=\"true\">\n\t\t\t\t<ul id=\"menu-2-c2ede82\" class=\"elementor-nav-menu\"><li class=\"menu-item menu-item-type-post_type menu-item-object-page menu-item-621\"><a href=\"https:\/\/coreplastperu.com\/en\/products\/model-1\/\" class=\"elementor-item\" tabindex=\"-1\">Model 1<\/a><\/li>\n<li class=\"menu-item menu-item-type-post_type menu-item-object-page menu-item-620\"><a href=\"https:\/\/coreplastperu.com\/en\/products\/model-2\/\" class=\"elementor-item\" tabindex=\"-1\">Model 2<\/a><\/li>\n<li class=\"menu-item menu-item-type-post_type menu-item-object-page menu-item-619\"><a href=\"https:\/\/coreplastperu.com\/en\/products\/model-3\/\" class=\"elementor-item\" tabindex=\"-1\">Model 3<\/a><\/li>\n<\/ul>\t\t\t<\/nav>\n\t\t\t\t\t\t<\/div>\n\t\t\t\t<\/div>\n\t\t\t\t<\/div>\n\t\t\t\t\t<\/div>\n\t\t\t\t<\/div>\n\t\t<div class=\"elementor-element elementor-element-a17c775 e-flex e-con-boxed e-con e-parent\" data-id=\"a17c775\" data-element_type=\"container\">\n\t\t\t\t\t<div class=\"e-con-inner\">\n\t\t<div class=\"elementor-element elementor-element-e0f04b4 e-con-full e-flex e-con e-child\" data-id=\"e0f04b4\" data-element_type=\"container\">\n\t\t\t\t<div class=\"elementor-element elementor-element-bc9bc9f elementor-invisible elementor-widget elementor-widget-image\" data-id=\"bc9bc9f\" data-element_type=\"widget\" data-settings=\"{&quot;_animation&quot;:&quot;fadeInLeft&quot;}\" data-widget_type=\"image.default\">\n\t\t\t\t<div class=\"elementor-widget-container\">\n\t\t\t\t\t\t\t\t\t\t\t\t\t\t\t<img fetchpriority=\"high\" decoding=\"async\" width=\"800\" height=\"800\" src=\"https:\/\/coreplastperu.com\/wp-content\/uploads\/2024\/01\/coreplast-mod-1-p.png\" class=\"attachment-large size-large wp-image-288\" alt=\"coreplast mod 1 p\" srcset=\"https:\/\/coreplastperu.com\/wp-content\/uploads\/2024\/01\/coreplast-mod-1-p.png 800w, https:\/\/coreplastperu.com\/wp-content\/uploads\/2024\/01\/coreplast-mod-1-p-300x300.png 300w, https:\/\/coreplastperu.com\/wp-content\/uploads\/2024\/01\/coreplast-mod-1-p-150x150.png 150w, https:\/\/coreplastperu.com\/wp-content\/uploads\/2024\/01\/coreplast-mod-1-p-768x768.png 768w, https:\/\/coreplastperu.com\/wp-content\/uploads\/2024\/01\/coreplast-mod-1-p-12x12.png 12w\" sizes=\"(max-width: 800px) 100vw, 800px\" \/>\t\t\t\t\t\t\t\t\t\t\t\t\t\t\t<\/div>\n\t\t\t\t<\/div>\n\t\t\t\t<\/div>\n\t\t<div class=\"elementor-element elementor-element-6f9a686 e-con-full e-flex e-con e-child\" data-id=\"6f9a686\" data-element_type=\"container\">\n\t\t\t\t<div class=\"elementor-element elementor-element-66ffd56 elementor-invisible elementor-widget elementor-widget-heading\" data-id=\"66ffd56\" data-element_type=\"widget\" data-settings=\"{&quot;_animation&quot;:&quot;fadeInUp&quot;}\" data-widget_type=\"heading.default\">\n\t\t\t\t<div class=\"elementor-widget-container\">\n\t\t\t\t\t<span class=\"elementor-heading-title elementor-size-default\">CORE TRAY<\/span>\t\t\t\t<\/div>\n\t\t\t\t<\/div>\n\t\t\t\t<div class=\"elementor-element elementor-element-b6ffb37 elementor-invisible elementor-widget elementor-widget-heading\" data-id=\"b6ffb37\" data-element_type=\"widget\" data-settings=\"{&quot;_animation&quot;:&quot;fadeInUp&quot;,&quot;_animation_delay&quot;:100}\" data-widget_type=\"heading.default\">\n\t\t\t\t<div class=\"elementor-widget-container\">\n\t\t\t\t\t<h1 class=\"elementor-heading-title elementor-size-default\">Model 4<\/h1>\t\t\t\t<\/div>\n\t\t\t\t<\/div>\n\t\t\t\t<div class=\"elementor-element elementor-element-0fede1b elementor-widget-divider--view-line elementor-invisible elementor-widget elementor-widget-divider\" data-id=\"0fede1b\" data-element_type=\"widget\" data-settings=\"{&quot;_animation&quot;:&quot;fadeInUp&quot;,&quot;_animation_delay&quot;:200}\" data-widget_type=\"divider.default\">\n\t\t\t\t<div class=\"elementor-widget-container\">\n\t\t\t\t\t\t\t<div class=\"elementor-divider\">\n\t\t\t<span class=\"elementor-divider-separator\">\n\t\t\t\t\t\t<\/span>\n\t\t<\/div>\n\t\t\t\t\t\t<\/div>\n\t\t\t\t<\/div>\n\t\t\t\t<div class=\"elementor-element elementor-element-6ae545a elementor-invisible elementor-widget elementor-widget-text-editor\" data-id=\"6ae545a\" data-element_type=\"widget\" data-settings=\"{&quot;_animation&quot;:&quot;fadeInUp&quot;,&quot;_animation_delay&quot;:400}\" data-widget_type=\"text-editor.default\">\n\t\t\t\t<div class=\"elementor-widget-container\">\n\t\t\t\t\t\t\t\t\t<p>Our most resistant tray<\/p>\t\t\t\t\t\t\t\t<\/div>\n\t\t\t\t<\/div>\n\t\t\t\t<div class=\"elementor-element elementor-element-9155bbe elementor-invisible elementor-widget elementor-widget-text-editor\" data-id=\"9155bbe\" data-element_type=\"widget\" data-settings=\"{&quot;_animation&quot;:&quot;fadeInUp&quot;,&quot;_animation_delay&quot;:400}\" data-widget_type=\"text-editor.default\">\n\t\t\t\t<div class=\"elementor-widget-container\">\n\t\t\t\t\t\t\t\t\t<ul><li><p>Special ribbing design for extra strength<\/p><\/li><li><p>Stacking abilities<\/p><\/li><li><p>Built \u2013 In handles<\/p><\/li><li><p>Drainage holes<\/p><\/li><\/ul>\t\t\t\t\t\t\t\t<\/div>\n\t\t\t\t<\/div>\n\t\t\t\t<div class=\"elementor-element elementor-element-b5547e9 elementor-align-left elementor-invisible elementor-widget elementor-widget-button\" data-id=\"b5547e9\" data-element_type=\"widget\" data-settings=\"{&quot;_animation&quot;:&quot;fadeInUp&quot;,&quot;_animation_delay&quot;:500}\" data-widget_type=\"button.default\">\n\t\t\t\t<div class=\"elementor-widget-container\">\n\t\t\t\t\t\t\t\t\t<div class=\"elementor-button-wrapper\">\n\t\t\t\t\t<a class=\"elementor-button elementor-button-link elementor-size-md elementor-animation-wobble-horizontal\" href=\"#elementor-action%3Aaction%3Dpopup%3Aopen%26settings%3DeyJpZCI6Ijg5MSIsInRvZ2dsZSI6ZmFsc2V9\">\n\t\t\t\t\t\t<span class=\"elementor-button-content-wrapper\">\n\t\t\t\t\t\t\t\t\t<span class=\"elementor-button-text\">MORE INFORMATION<\/span>\n\t\t\t\t\t<\/span>\n\t\t\t\t\t<\/a>\n\t\t\t\t<\/div>\n\t\t\t\t\t\t\t\t<\/div>\n\t\t\t\t<\/div>\n\t\t\t\t<\/div>\n\t\t\t\t\t<\/div>\n\t\t\t\t<\/div>\n\t\t<div class=\"elementor-element elementor-element-625ccfa e-flex e-con-boxed e-con e-parent\" data-id=\"625ccfa\" data-element_type=\"container\">\n\t\t\t\t\t<div class=\"e-con-inner\">\n\t\t<div class=\"elementor-element elementor-element-29d8ef3 e-con-full e-flex elementor-invisible e-con e-child\" data-id=\"29d8ef3\" data-element_type=\"container\" data-settings=\"{&quot;animation&quot;:&quot;fadeInUp&quot;}\">\n\t\t\t\t<div class=\"elementor-element elementor-element-589a408 elementor-widget elementor-widget-image\" data-id=\"589a408\" data-element_type=\"widget\" data-widget_type=\"image.default\">\n\t\t\t\t<div class=\"elementor-widget-container\">\n\t\t\t\t\t\t\t\t\t\t\t\t\t\t\t\t<a href=\"https:\/\/coreplastperu.com\/en\/products\/modelo-4\/mod4-hq4\/\">\n\t\t\t\t\t\t\t<img decoding=\"async\" width=\"800\" height=\"800\" src=\"https:\/\/coreplastperu.com\/wp-content\/uploads\/2024\/01\/modelo1.png\" class=\"attachment-large size-large wp-image-280\" alt=\"modelo1\" srcset=\"https:\/\/coreplastperu.com\/wp-content\/uploads\/2024\/01\/modelo1.png 800w, https:\/\/coreplastperu.com\/wp-content\/uploads\/2024\/01\/modelo1-300x300.png 300w, https:\/\/coreplastperu.com\/wp-content\/uploads\/2024\/01\/modelo1-150x150.png 150w, https:\/\/coreplastperu.com\/wp-content\/uploads\/2024\/01\/modelo1-768x768.png 768w, https:\/\/coreplastperu.com\/wp-content\/uploads\/2024\/01\/modelo1-12x12.png 12w\" sizes=\"(max-width: 800px) 100vw, 800px\" \/>\t\t\t\t\t\t\t\t<\/a>\n\t\t\t\t\t\t\t\t\t\t\t\t\t\t\t<\/div>\n\t\t\t\t<\/div>\n\t\t\t\t<div class=\"elementor-element elementor-element-5c692e5 elementor-widget elementor-widget-heading\" data-id=\"5c692e5\" data-element_type=\"widget\" data-widget_type=\"heading.default\">\n\t\t\t\t<div class=\"elementor-widget-container\">\n\t\t\t\t\t<h3 class=\"elementor-heading-title elementor-size-default\">HQ4<\/h3>\t\t\t\t<\/div>\n\t\t\t\t<\/div>\n\t\t\t\t<div class=\"elementor-element elementor-element-30f6706 elementor-widget elementor-widget-text-editor\" data-id=\"30f6706\" data-element_type=\"widget\" data-widget_type=\"text-editor.default\">\n\t\t\t\t<div class=\"elementor-widget-container\">\n\t\t\t\t\t\t\t\t\t<ul><li>Process: Inyection<\/li><li>Material: Non Toxic Polypropylene.<\/li><li>Colors: White, blue and others.<\/li><li>Weight: 2700 \u00b1 200 g<\/li><li>Dimensions: (1068 x 388 x 78) \u00b12 mm<\/li><li>Channels: 4<\/li><li>Core Diameter: 72.0 \u00b1 1.0 mm<\/li><li>Capacity: 4 lineal meters<\/li><\/ul><p>\u00a0<\/p>\t\t\t\t\t\t\t\t<\/div>\n\t\t\t\t<\/div>\n\t\t\t\t<div class=\"elementor-element elementor-element-ae161f8 elementor-align-center elementor-widget elementor-widget-button\" data-id=\"ae161f8\" data-element_type=\"widget\" data-widget_type=\"button.default\">\n\t\t\t\t<div class=\"elementor-widget-container\">\n\t\t\t\t\t\t\t\t\t<div class=\"elementor-button-wrapper\">\n\t\t\t\t\t<a class=\"elementor-button elementor-button-link elementor-size-md elementor-animation-wobble-horizontal\" href=\"https:\/\/coreplastperu.com\/en\/products\/modelo-4\/mod4-hq4\/\">\n\t\t\t\t\t\t<span class=\"elementor-button-content-wrapper\">\n\t\t\t\t\t\t<span class=\"elementor-button-icon\">\n\t\t\t\t<i aria-hidden=\"true\" class=\"fas fa-arrow-right\"><\/i>\t\t\t<\/span>\n\t\t\t\t\t\t\t\t\t<span class=\"elementor-button-text\">SEE MORE<\/span>\n\t\t\t\t\t<\/span>\n\t\t\t\t\t<\/a>\n\t\t\t\t<\/div>\n\t\t\t\t\t\t\t\t<\/div>\n\t\t\t\t<\/div>\n\t\t\t\t<\/div>\n\t\t\t\t\t<\/div>\n\t\t\t\t<\/div>\n\t\t\t\t<\/div>","protected":false},"excerpt":{"rendered":"<p>PRODUCTOS BANDEJA PORTA TESTIGO Modelo 4 Nusetro modelo m\u00e1s resistente. Dise\u00f1o especial de acanalado para resistencia adicional Capacidad de apilamiento Asas incorporadas Orificios de drenaje M\u00c1S INFORMACI\u00d3N HQ4 Proceso: Inyecci\u00f3n. Material: polipropileno no t\u00f3xico. Colores: Blanco, azul y otros. Peso: 2700\u00b1200g Dimensiones: (1068 x 388 x 78) \u00b12 mm Canales: 4 Di\u00e1metro del n\u00facleo: 72,0 [&hellip;]<\/p>","protected":false},"author":1,"featured_media":0,"parent":19,"menu_order":0,"comment_status":"closed","ping_status":"closed","template":"","meta":{"footnotes":""},"class_list":["post-607","page","type-page","status-publish","hentry"],"_links":{"self":[{"href":"https:\/\/coreplastperu.com\/en\/wp-json\/wp\/v2\/pages\/607","targetHints":{"allow":["GET"]}}],"collection":[{"href":"https:\/\/coreplastperu.com\/en\/wp-json\/wp\/v2\/pages"}],"about":[{"href":"https:\/\/coreplastperu.com\/en\/wp-json\/wp\/v2\/types\/page"}],"author":[{"embeddable":true,"href":"https:\/\/coreplastperu.com\/en\/wp-json\/wp\/v2\/users\/1"}],"replies":[{"embeddable":true,"href":"https:\/\/coreplastperu.com\/en\/wp-json\/wp\/v2\/comments?post=607"}],"version-history":[{"count":0,"href":"https:\/\/coreplastperu.com\/en\/wp-json\/wp\/v2\/pages\/607\/revisions"}],"up":[{"embeddable":true,"href":"https:\/\/coreplastperu.com\/en\/wp-json\/wp\/v2\/pages\/19"}],"wp:attachment":[{"href":"https:\/\/coreplastperu.com\/en\/wp-json\/wp\/v2\/media?parent=607"}],"curies":[{"name":"wp","href":"https:\/\/api.w.org\/{rel}","templated":true}]}}