{"id":147,"date":"2024-01-30T12:46:04","date_gmt":"2024-01-30T17:46:04","guid":{"rendered":"https:\/\/coreplastperu.com\/?page_id=147"},"modified":"2024-10-31T00:33:08","modified_gmt":"2024-10-31T05:33:08","slug":"model-2","status":"publish","type":"page","link":"https:\/\/coreplastperu.com\/en\/products\/model-2\/","title":{"rendered":"Model 2"},"content":{"rendered":"<div data-elementor-type=\"wp-page\" data-elementor-id=\"147\" class=\"elementor elementor-147\" data-elementor-post-type=\"page\">\n\t\t\t\t<div class=\"elementor-element elementor-element-c289014 e-flex e-con-boxed e-con e-parent\" data-id=\"c289014\" data-element_type=\"container\" data-settings=\"{&quot;background_background&quot;:&quot;classic&quot;}\">\n\t\t\t\t\t<div class=\"e-con-inner\">\n\t\t<div class=\"elementor-element elementor-element-ae6663a e-con-full e-flex e-con e-child\" data-id=\"ae6663a\" data-element_type=\"container\">\n\t\t\t\t<div class=\"elementor-element elementor-element-2a84128 elementor-widget elementor-widget-heading\" data-id=\"2a84128\" data-element_type=\"widget\" data-widget_type=\"heading.default\">\n\t\t\t\t<div class=\"elementor-widget-container\">\n\t\t\t\t\t<span class=\"elementor-heading-title elementor-size-default\"><a href=\"https:\/\/coreplastperu.com\/en\/products\/\">PRODUCTS<\/a><\/span>\t\t\t\t<\/div>\n\t\t\t\t<\/div>\n\t\t\t\t<\/div>\n\t\t<div class=\"elementor-element elementor-element-6515b9c e-con-full e-flex e-con e-child\" data-id=\"6515b9c\" data-element_type=\"container\">\n\t\t\t\t<div class=\"elementor-element elementor-element-1b0150a elementor-nav-menu__align-justify elementor-nav-menu--dropdown-none elementor-widget elementor-widget-nav-menu\" data-id=\"1b0150a\" data-element_type=\"widget\" data-settings=\"{&quot;layout&quot;:&quot;horizontal&quot;,&quot;submenu_icon&quot;:{&quot;value&quot;:&quot;&lt;i class=\\&quot;fas fa-caret-down\\&quot;&gt;&lt;\\\/i&gt;&quot;,&quot;library&quot;:&quot;fa-solid&quot;}}\" data-widget_type=\"nav-menu.default\">\n\t\t\t\t<div class=\"elementor-widget-container\">\n\t\t\t\t\t\t\t\t<nav aria-label=\"Menu\" class=\"elementor-nav-menu--main elementor-nav-menu__container elementor-nav-menu--layout-horizontal e--pointer-background e--animation-fade\">\n\t\t\t\t<ul id=\"menu-1-1b0150a\" class=\"elementor-nav-menu\"><li class=\"menu-item menu-item-type-post_type menu-item-object-page menu-item-621\"><a href=\"https:\/\/coreplastperu.com\/en\/products\/model-1\/\" class=\"elementor-item\">Model 1<\/a><\/li>\n<li class=\"menu-item menu-item-type-post_type menu-item-object-page menu-item-620\"><a href=\"https:\/\/coreplastperu.com\/en\/products\/model-2\/\" class=\"elementor-item\">Model 2<\/a><\/li>\n<li class=\"menu-item menu-item-type-post_type menu-item-object-page menu-item-619\"><a href=\"https:\/\/coreplastperu.com\/en\/products\/model-3\/\" class=\"elementor-item\">Model 3<\/a><\/li>\n<\/ul>\t\t\t<\/nav>\n\t\t\t\t\t\t<nav class=\"elementor-nav-menu--dropdown elementor-nav-menu__container\" aria-hidden=\"true\">\n\t\t\t\t<ul id=\"menu-2-1b0150a\" class=\"elementor-nav-menu\"><li class=\"menu-item menu-item-type-post_type menu-item-object-page menu-item-621\"><a href=\"https:\/\/coreplastperu.com\/en\/products\/model-1\/\" class=\"elementor-item\" tabindex=\"-1\">Model 1<\/a><\/li>\n<li class=\"menu-item menu-item-type-post_type menu-item-object-page menu-item-620\"><a href=\"https:\/\/coreplastperu.com\/en\/products\/model-2\/\" class=\"elementor-item\" tabindex=\"-1\">Model 2<\/a><\/li>\n<li class=\"menu-item menu-item-type-post_type menu-item-object-page menu-item-619\"><a href=\"https:\/\/coreplastperu.com\/en\/products\/model-3\/\" class=\"elementor-item\" tabindex=\"-1\">Model 3<\/a><\/li>\n<\/ul>\t\t\t<\/nav>\n\t\t\t\t\t\t<\/div>\n\t\t\t\t<\/div>\n\t\t\t\t<\/div>\n\t\t\t\t\t<\/div>\n\t\t\t\t<\/div>\n\t\t<div class=\"elementor-element elementor-element-2ca2be0 e-flex e-con-boxed e-con e-parent\" data-id=\"2ca2be0\" data-element_type=\"container\">\n\t\t\t\t\t<div class=\"e-con-inner\">\n\t\t<div class=\"elementor-element elementor-element-d53b8df e-con-full e-flex e-con e-child\" data-id=\"d53b8df\" data-element_type=\"container\">\n\t\t\t\t<div class=\"elementor-element elementor-element-23c8cbb elementor-invisible elementor-widget elementor-widget-image\" data-id=\"23c8cbb\" data-element_type=\"widget\" data-settings=\"{&quot;_animation&quot;:&quot;fadeInLeft&quot;}\" data-widget_type=\"image.default\">\n\t\t\t\t<div class=\"elementor-widget-container\">\n\t\t\t\t\t\t\t\t\t\t\t\t\t\t\t<img fetchpriority=\"high\" decoding=\"async\" width=\"800\" height=\"800\" src=\"https:\/\/coreplastperu.com\/wp-content\/uploads\/2024\/02\/Modelo-2-HQ4-3.png\" class=\"attachment-large size-large wp-image-1333\" alt=\"Model 2 HQ4 3\" srcset=\"https:\/\/coreplastperu.com\/wp-content\/uploads\/2024\/02\/Modelo-2-HQ4-3.png 1000w, https:\/\/coreplastperu.com\/wp-content\/uploads\/2024\/02\/Modelo-2-HQ4-3-300x300.png 300w, https:\/\/coreplastperu.com\/wp-content\/uploads\/2024\/02\/Modelo-2-HQ4-3-150x150.png 150w, https:\/\/coreplastperu.com\/wp-content\/uploads\/2024\/02\/Modelo-2-HQ4-3-768x768.png 768w, https:\/\/coreplastperu.com\/wp-content\/uploads\/2024\/02\/Modelo-2-HQ4-3-12x12.png 12w\" sizes=\"(max-width: 800px) 100vw, 800px\" \/>\t\t\t\t\t\t\t\t\t\t\t\t\t\t\t<\/div>\n\t\t\t\t<\/div>\n\t\t\t\t<\/div>\n\t\t<div class=\"elementor-element elementor-element-04131be e-con-full e-flex e-con e-child\" data-id=\"04131be\" data-element_type=\"container\">\n\t\t\t\t<div class=\"elementor-element elementor-element-c4b32dc elementor-invisible elementor-widget elementor-widget-heading\" data-id=\"c4b32dc\" data-element_type=\"widget\" data-settings=\"{&quot;_animation&quot;:&quot;fadeInUp&quot;}\" data-widget_type=\"heading.default\">\n\t\t\t\t<div class=\"elementor-widget-container\">\n\t\t\t\t\t<span class=\"elementor-heading-title elementor-size-default\">CORE TRAY<\/span>\t\t\t\t<\/div>\n\t\t\t\t<\/div>\n\t\t\t\t<div class=\"elementor-element elementor-element-bbf64db elementor-invisible elementor-widget elementor-widget-heading\" data-id=\"bbf64db\" data-element_type=\"widget\" data-settings=\"{&quot;_animation&quot;:&quot;fadeInUp&quot;,&quot;_animation_delay&quot;:100}\" data-widget_type=\"heading.default\">\n\t\t\t\t<div class=\"elementor-widget-container\">\n\t\t\t\t\t<h1 class=\"elementor-heading-title elementor-size-default\">Model 2<\/h1>\t\t\t\t<\/div>\n\t\t\t\t<\/div>\n\t\t\t\t<div class=\"elementor-element elementor-element-fae1462 elementor-widget-divider--view-line elementor-invisible elementor-widget elementor-widget-divider\" data-id=\"fae1462\" data-element_type=\"widget\" data-settings=\"{&quot;_animation&quot;:&quot;fadeInUp&quot;,&quot;_animation_delay&quot;:200}\" data-widget_type=\"divider.default\">\n\t\t\t\t<div class=\"elementor-widget-container\">\n\t\t\t\t\t\t\t<div class=\"elementor-divider\">\n\t\t\t<span class=\"elementor-divider-separator\">\n\t\t\t\t\t\t<\/span>\n\t\t<\/div>\n\t\t\t\t\t\t<\/div>\n\t\t\t\t<\/div>\n\t\t\t\t<div class=\"elementor-element elementor-element-6402401 elementor-invisible elementor-widget elementor-widget-heading\" data-id=\"6402401\" data-element_type=\"widget\" data-settings=\"{&quot;_animation&quot;:&quot;fadeInUp&quot;,&quot;_animation_delay&quot;:100}\" data-widget_type=\"heading.default\">\n\t\t\t\t<div class=\"elementor-widget-container\">\n\t\t\t\t\t<h2 class=\"elementor-heading-title elementor-size-default\">Our most light tray.<\/h2>\t\t\t\t<\/div>\n\t\t\t\t<\/div>\n\t\t\t\t<div class=\"elementor-element elementor-element-3d67db4 elementor-widget elementor-widget-text-editor\" data-id=\"3d67db4\" data-element_type=\"widget\" data-widget_type=\"text-editor.default\">\n\t\t\t\t<div class=\"elementor-widget-container\">\n\t\t\t\t\t\t\t\t\t<p>Explore the plastic core tray Model 2, built to deliver reliable protection and transport efficiency.<\/p>\t\t\t\t\t\t\t\t<\/div>\n\t\t\t\t<\/div>\n\t\t\t\t<div class=\"elementor-element elementor-element-3f09544 elementor-invisible elementor-widget elementor-widget-text-editor\" data-id=\"3f09544\" data-element_type=\"widget\" data-settings=\"{&quot;_animation&quot;:&quot;fadeInUp&quot;,&quot;_animation_delay&quot;:400}\" data-widget_type=\"text-editor.default\">\n\t\t\t\t<div class=\"elementor-widget-container\">\n\t\t\t\t\t\t\t\t\t<ul><li><p>Drainage holes<\/p><\/li><li><p>Built \u2013 In handles<\/p><\/li><li><p>Measurement Marks<\/p><\/li><li><p>Stacking abilities<\/p><\/li><li><p>Ability to insert (save 40% of space during transport)<\/p><\/li><\/ul>\t\t\t\t\t\t\t\t<\/div>\n\t\t\t\t<\/div>\n\t\t\t\t<div class=\"elementor-element elementor-element-99b07e7 elementor-align-left elementor-invisible elementor-widget elementor-widget-button\" data-id=\"99b07e7\" data-element_type=\"widget\" data-settings=\"{&quot;_animation&quot;:&quot;fadeInUp&quot;,&quot;_animation_delay&quot;:500}\" data-widget_type=\"button.default\">\n\t\t\t\t<div class=\"elementor-widget-container\">\n\t\t\t\t\t\t\t\t\t<div class=\"elementor-button-wrapper\">\n\t\t\t\t\t<a class=\"elementor-button elementor-button-link elementor-size-md elementor-animation-wobble-horizontal\" href=\"#elementor-action%3Aaction%3Dpopup%3Aopen%26settings%3DeyJpZCI6Ijg5MSIsInRvZ2dsZSI6ZmFsc2V9\">\n\t\t\t\t\t\t<span class=\"elementor-button-content-wrapper\">\n\t\t\t\t\t\t\t\t\t<span class=\"elementor-button-text\">MORE INFORMATION<\/span>\n\t\t\t\t\t<\/span>\n\t\t\t\t\t<\/a>\n\t\t\t\t<\/div>\n\t\t\t\t\t\t\t\t<\/div>\n\t\t\t\t<\/div>\n\t\t\t\t<\/div>\n\t\t\t\t\t<\/div>\n\t\t\t\t<\/div>\n\t\t<div class=\"elementor-element elementor-element-1b37ea3 e-flex e-con-boxed e-con e-parent\" data-id=\"1b37ea3\" data-element_type=\"container\">\n\t\t\t\t\t<div class=\"e-con-inner\">\n\t\t<div class=\"elementor-element elementor-element-d8add33 e-con-full e-flex e-con e-child\" data-id=\"d8add33\" data-element_type=\"container\">\n\t\t\t\t<div class=\"elementor-element elementor-element-ba1493c elementor-widget elementor-widget-image\" data-id=\"ba1493c\" data-element_type=\"widget\" data-widget_type=\"image.default\">\n\t\t\t\t<div class=\"elementor-widget-container\">\n\t\t\t\t\t\t\t\t\t\t\t\t\t\t\t\t<a href=\"https:\/\/coreplastperu.com\/en\/products\/model-2\/mod2-hq4\/\">\n\t\t\t\t\t\t\t<img decoding=\"async\" width=\"800\" height=\"800\" src=\"https:\/\/coreplastperu.com\/wp-content\/uploads\/2024\/02\/Modelo-2-HQ4-1.png\" class=\"attachment-large size-large wp-image-1046\" alt=\"Model 2 HQ4 1\" srcset=\"https:\/\/coreplastperu.com\/wp-content\/uploads\/2024\/02\/Modelo-2-HQ4-1.png 1000w, https:\/\/coreplastperu.com\/wp-content\/uploads\/2024\/02\/Modelo-2-HQ4-1-300x300.png 300w, https:\/\/coreplastperu.com\/wp-content\/uploads\/2024\/02\/Modelo-2-HQ4-1-150x150.png 150w, https:\/\/coreplastperu.com\/wp-content\/uploads\/2024\/02\/Modelo-2-HQ4-1-768x768.png 768w, https:\/\/coreplastperu.com\/wp-content\/uploads\/2024\/02\/Modelo-2-HQ4-1-12x12.png 12w\" sizes=\"(max-width: 800px) 100vw, 800px\" \/>\t\t\t\t\t\t\t\t<\/a>\n\t\t\t\t\t\t\t\t\t\t\t\t\t\t\t<\/div>\n\t\t\t\t<\/div>\n\t\t\t\t<div class=\"elementor-element elementor-element-f00a589 elementor-widget elementor-widget-heading\" data-id=\"f00a589\" data-element_type=\"widget\" data-widget_type=\"heading.default\">\n\t\t\t\t<div class=\"elementor-widget-container\">\n\t\t\t\t\t<h3 class=\"elementor-heading-title elementor-size-default\">HQ4<\/h3>\t\t\t\t<\/div>\n\t\t\t\t<\/div>\n\t\t\t\t<div class=\"elementor-element elementor-element-0848519 elementor-widget elementor-widget-text-editor\" data-id=\"0848519\" data-element_type=\"widget\" data-widget_type=\"text-editor.default\">\n\t\t\t\t<div class=\"elementor-widget-container\">\n\t\t\t\t\t\t\t\t\t<ul><li>Process: Inyection<\/li><li>Material: Non Toxic Polypropylene.<\/li><li>Color: Grey.<\/li><li>Weight: 1700 \u00b1 100 g<\/li><li>Dimensions: (1030 x 322 x 74) \u00b1 2 mm<\/li><li>Channels: 4<\/li><li>Core Diameter: 69.5 \u00b1 1.00 mm<\/li><li>Capacity: 4 lineal meters<\/li><\/ul>\t\t\t\t\t\t\t\t<\/div>\n\t\t\t\t<\/div>\n\t\t\t\t<div class=\"elementor-element elementor-element-1b141dd elementor-align-center elementor-widget elementor-widget-button\" data-id=\"1b141dd\" data-element_type=\"widget\" data-widget_type=\"button.default\">\n\t\t\t\t<div class=\"elementor-widget-container\">\n\t\t\t\t\t\t\t\t\t<div class=\"elementor-button-wrapper\">\n\t\t\t\t\t<a class=\"elementor-button elementor-button-link elementor-size-md elementor-animation-wobble-horizontal\" href=\"https:\/\/coreplastperu.com\/en\/products\/model-2\/mod2-hq4\/\">\n\t\t\t\t\t\t<span class=\"elementor-button-content-wrapper\">\n\t\t\t\t\t\t<span class=\"elementor-button-icon\">\n\t\t\t\t<i aria-hidden=\"true\" class=\"fas fa-arrow-right\"><\/i>\t\t\t<\/span>\n\t\t\t\t\t\t\t\t\t<span class=\"elementor-button-text\">SEE HQ4<\/span>\n\t\t\t\t\t<\/span>\n\t\t\t\t\t<\/a>\n\t\t\t\t<\/div>\n\t\t\t\t\t\t\t\t<\/div>\n\t\t\t\t<\/div>\n\t\t\t\t<\/div>\n\t\t<div class=\"elementor-element elementor-element-da00b98 e-con-full e-flex e-con e-child\" data-id=\"da00b98\" data-element_type=\"container\">\n\t\t\t\t<div class=\"elementor-element elementor-element-2d93c2c elementor-widget elementor-widget-image\" data-id=\"2d93c2c\" data-element_type=\"widget\" data-widget_type=\"image.default\">\n\t\t\t\t<div class=\"elementor-widget-container\">\n\t\t\t\t\t\t\t\t\t\t\t\t\t\t\t\t<a href=\"https:\/\/coreplastperu.com\/en\/products\/model-2\/mod2-nq5\/\">\n\t\t\t\t\t\t\t<img decoding=\"async\" width=\"800\" height=\"800\" src=\"https:\/\/coreplastperu.com\/wp-content\/uploads\/2024\/02\/Modelo-2-NQ5-1.png\" class=\"attachment-large size-large wp-image-1091\" alt=\"Model 2 NQ5 1\" srcset=\"https:\/\/coreplastperu.com\/wp-content\/uploads\/2024\/02\/Modelo-2-NQ5-1.png 1000w, https:\/\/coreplastperu.com\/wp-content\/uploads\/2024\/02\/Modelo-2-NQ5-1-300x300.png 300w, https:\/\/coreplastperu.com\/wp-content\/uploads\/2024\/02\/Modelo-2-NQ5-1-150x150.png 150w, https:\/\/coreplastperu.com\/wp-content\/uploads\/2024\/02\/Modelo-2-NQ5-1-768x768.png 768w, https:\/\/coreplastperu.com\/wp-content\/uploads\/2024\/02\/Modelo-2-NQ5-1-12x12.png 12w\" sizes=\"(max-width: 800px) 100vw, 800px\" \/>\t\t\t\t\t\t\t\t<\/a>\n\t\t\t\t\t\t\t\t\t\t\t\t\t\t\t<\/div>\n\t\t\t\t<\/div>\n\t\t\t\t<div class=\"elementor-element elementor-element-24d9eb0 elementor-widget elementor-widget-heading\" data-id=\"24d9eb0\" data-element_type=\"widget\" data-widget_type=\"heading.default\">\n\t\t\t\t<div class=\"elementor-widget-container\">\n\t\t\t\t\t<h3 class=\"elementor-heading-title elementor-size-default\">NQ5<\/h3>\t\t\t\t<\/div>\n\t\t\t\t<\/div>\n\t\t\t\t<div class=\"elementor-element elementor-element-a27796b elementor-widget elementor-widget-text-editor\" data-id=\"a27796b\" data-element_type=\"widget\" data-widget_type=\"text-editor.default\">\n\t\t\t\t<div class=\"elementor-widget-container\">\n\t\t\t\t\t\t\t\t\t<ul>\n<li>Process: Inyection<\/li>\n<li>Material: Non Toxic Polypropylene.<\/li>\n<li>Color: Grey.<\/li>\n<li>Weight: 1600 \u00b1 100 g<\/li>\n<li>Dimensions: (1027.5 x 307.7 x 57.4) \u00b1 2 mm<\/li>\n<li>Channels: 4<\/li>\n<li>Core Diameter: 53.00 \u00b1 1.00 mm<\/li>\n<li>Capacity: 5 lineal meters<\/li>\n<\/ul>\t\t\t\t\t\t\t\t<\/div>\n\t\t\t\t<\/div>\n\t\t\t\t<div class=\"elementor-element elementor-element-083529f elementor-align-center elementor-widget elementor-widget-button\" data-id=\"083529f\" data-element_type=\"widget\" data-widget_type=\"button.default\">\n\t\t\t\t<div class=\"elementor-widget-container\">\n\t\t\t\t\t\t\t\t\t<div class=\"elementor-button-wrapper\">\n\t\t\t\t\t<a class=\"elementor-button elementor-button-link elementor-size-md elementor-animation-wobble-horizontal\" href=\"https:\/\/coreplastperu.com\/en\/products\/model-2\/mod2-nq5\/\">\n\t\t\t\t\t\t<span class=\"elementor-button-content-wrapper\">\n\t\t\t\t\t\t<span class=\"elementor-button-icon\">\n\t\t\t\t<i aria-hidden=\"true\" class=\"fas fa-arrow-right\"><\/i>\t\t\t<\/span>\n\t\t\t\t\t\t\t\t\t<span class=\"elementor-button-text\">SEE NQ5<\/span>\n\t\t\t\t\t<\/span>\n\t\t\t\t\t<\/a>\n\t\t\t\t<\/div>\n\t\t\t\t\t\t\t\t<\/div>\n\t\t\t\t<\/div>\n\t\t\t\t<\/div>\n\t\t\t\t\t<\/div>\n\t\t\t\t<\/div>\n\t\t\t\t<\/div>","protected":false},"excerpt":{"rendered":"<p>PRODUCTOS BANDEJA PORTA TESTIGO Modelo 2 Nuestra bandeja m\u00e1s ligera. Descubre el Modelo 2 de bandejas porta testigos de pl\u00e1stico, dise\u00f1adas para ofrecer protecci\u00f3n y eficiencia en el transporte. Orificios de drenaje Asas incorporadas Marcas de medici\u00f3n Capacidad de apilamiento Capacidad de inserci\u00f3n (ahorra un 40% de espacio durante el transporte) M\u00c1S INFORMACI\u00d3N HQ4 Proceso: [&hellip;]<\/p>","protected":false},"author":1,"featured_media":0,"parent":19,"menu_order":0,"comment_status":"closed","ping_status":"closed","template":"","meta":{"footnotes":""},"class_list":["post-147","page","type-page","status-publish","hentry"],"_links":{"self":[{"href":"https:\/\/coreplastperu.com\/en\/wp-json\/wp\/v2\/pages\/147","targetHints":{"allow":["GET"]}}],"collection":[{"href":"https:\/\/coreplastperu.com\/en\/wp-json\/wp\/v2\/pages"}],"about":[{"href":"https:\/\/coreplastperu.com\/en\/wp-json\/wp\/v2\/types\/page"}],"author":[{"embeddable":true,"href":"https:\/\/coreplastperu.com\/en\/wp-json\/wp\/v2\/users\/1"}],"replies":[{"embeddable":true,"href":"https:\/\/coreplastperu.com\/en\/wp-json\/wp\/v2\/comments?post=147"}],"version-history":[{"count":0,"href":"https:\/\/coreplastperu.com\/en\/wp-json\/wp\/v2\/pages\/147\/revisions"}],"up":[{"embeddable":true,"href":"https:\/\/coreplastperu.com\/en\/wp-json\/wp\/v2\/pages\/19"}],"wp:attachment":[{"href":"https:\/\/coreplastperu.com\/en\/wp-json\/wp\/v2\/media?parent=147"}],"curies":[{"name":"wp","href":"https:\/\/api.w.org\/{rel}","templated":true}]}}